{"id":5069,"date":"2024-11-19T15:44:16","date_gmt":"2024-11-19T15:44:16","guid":{"rendered":"https:\/\/adawaty.ma\/b2b\/?post_type=product&#038;p=5069"},"modified":"2024-11-19T15:44:29","modified_gmt":"2024-11-19T15:44:29","slug":"agrafeuse-axent-4935-technic-15-feuilles-metallise-chrome-24-6","status":"publish","type":"product","link":"https:\/\/adawaty.ma\/b2b\/produit\/agrafeuse-axent-4935-technic-15-feuilles-metallise-chrome-24-6\/","title":{"rendered":"Agrafeuse Axent 4935 Technic, 15 Feuilles, M\u00e9tallis\u00e9 Chrome, 24\/6"},"content":{"rendered":"","protected":false},"excerpt":{"rendered":"<p>Agrafeuse Axent 4935 Technic, 15 Feuilles, M\u00e9tallis\u00e9 Chrome, 24\/6 :&nbsp;<\/p>\n<p>L&#8217;agrafeuse Axent Technic appartient \u00e0 la s\u00e9rie m\u00e9tal, le corps m\u00e9tallique solide r\u00e9siste m\u00eame aux charges intenses. Il est destin\u00e9 \u00e0 la reliure de bureau ou manuelle de feuilles de papier. Un insert en plastique sur le dessus de la poign\u00e9e emp\u00eache la main de glisser pendant le fonctionnement. Facile \u00e0 utiliser &#8211; un m\u00e9canisme d&#8217;alimentation en agrafes fiable en m\u00e9tal solide assure une alimentation facile des agrafes dans la zone de travail, une reliure sans rat\u00e9s et un remplacement simple des agrafes. Il dispose d&#8217;une fen\u00eatre pour v\u00e9rifier la pr\u00e9sence d&#8217;agrafes. Il est possible de changer la m\u00e9thode de reliure de ferm\u00e9e \u00e0 ouverte en appuyant sur le bouton situ\u00e9 sur la semelle de l&#8217;agrafeuse. La semelle caoutchout\u00e9e emp\u00eache le glissement et prot\u00e8ge la surface de la table des rayures. Corps \u00e9l\u00e9gant en m\u00e9tal chrom\u00e9.<\/p>\n","protected":false},"featured_media":5070,"template":"","meta":[],"product_brand":[],"product_cat":[134,133],"product_tag":[],"class_list":{"0":"post-5069","1":"product","2":"type-product","3":"status-publish","4":"has-post-thumbnail","6":"product_cat-agrafeuse","7":"product_cat-fourniture-de-bureau","9":"first","10":"instock","11":"sale","12":"shipping-taxable","13":"purchasable","14":"product-type-simple"},"_links":{"self":[{"href":"https:\/\/adawaty.ma\/b2b\/wp-json\/wp\/v2\/product\/5069","targetHints":{"allow":["GET"]}}],"collection":[{"href":"https:\/\/adawaty.ma\/b2b\/wp-json\/wp\/v2\/product"}],"about":[{"href":"https:\/\/adawaty.ma\/b2b\/wp-json\/wp\/v2\/types\/product"}],"version-history":[{"count":1,"href":"https:\/\/adawaty.ma\/b2b\/wp-json\/wp\/v2\/product\/5069\/revisions"}],"predecessor-version":[{"id":5072,"href":"https:\/\/adawaty.ma\/b2b\/wp-json\/wp\/v2\/product\/5069\/revisions\/5072"}],"wp:featuredmedia":[{"embeddable":true,"href":"https:\/\/adawaty.ma\/b2b\/wp-json\/wp\/v2\/media\/5070"}],"wp:attachment":[{"href":"https:\/\/adawaty.ma\/b2b\/wp-json\/wp\/v2\/media?parent=5069"}],"wp:term":[{"taxonomy":"product_brand","embeddable":true,"href":"https:\/\/adawaty.ma\/b2b\/wp-json\/wp\/v2\/product_brand?post=5069"},{"taxonomy":"product_cat","embeddable":true,"href":"https:\/\/adawaty.ma\/b2b\/wp-json\/wp\/v2\/product_cat?post=5069"},{"taxonomy":"product_tag","embeddable":true,"href":"https:\/\/adawaty.ma\/b2b\/wp-json\/wp\/v2\/product_tag?post=5069"}],"curies":[{"name":"wp","href":"https:\/\/api.w.org\/{rel}","templated":true}]}}