{"id":5073,"date":"2024-11-19T15:51:22","date_gmt":"2024-11-19T15:51:22","guid":{"rendered":"https:\/\/adawaty.ma\/b2b\/?post_type=product&#038;p=5073"},"modified":"2024-11-19T15:51:22","modified_gmt":"2024-11-19T15:51:22","slug":"agrafeuse-n10-12-feuilles-bleu-4221-02-axent","status":"publish","type":"product","link":"https:\/\/adawaty.ma\/b2b\/produit\/agrafeuse-n10-12-feuilles-bleu-4221-02-axent\/","title":{"rendered":"Agrafeuse N\u00b010 12 Feuilles Bleu  4221-02 Axent"},"content":{"rendered":"<p><strong>Agrafeuse N\u00b010 12 Feuilles Bleu &nbsp;4221-02 Axent :<\/strong><\/p>\n<p>L&#8217;agrafeuse Axent 4221-09-A s\u00e9rie Standard est fabriqu\u00e9e dans des couleurs vives et un design ergonomique, ce qui augmente la facilit\u00e9 d&#8217;utilisation.<br \/>\nCon\u00e7u pour la reliure manuelle ou de bureau de feuilles de papier.<br \/>\nFabriqu\u00e9 en plastique de haute qualit\u00e9, m\u00e9canisme de travail en m\u00e9tal. Il dispose d&#8217;une fen\u00eatre pour v\u00e9rifier la pr\u00e9sence des agrafes et d&#8217;un d\u00e9grafeur int\u00e9gr\u00e9, ce qui permet de gagner du temps lorsqu&#8217;il faut retirer l&#8217;agrafe.<br \/>\nSupport n\u00b0 10\/5.<br \/>\nCapacit\u00e9 jusqu&#8217;\u00e0 12 feuilles.<br \/>\nProfondeur de collage 25 mm<br \/>\nD\u00e9sagrafes int\u00e9gr\u00e9e.<br \/>\nCouleur Bleu.<br \/>\nEmballage en carton.<\/p>\n","protected":false},"excerpt":{"rendered":"<p>Agrafeuse N\u00b010 12 Feuilles Bleu &nbsp;4221-02 Axent : L&#8217;agrafeuse Axent 4221-09-A s\u00e9rie Standard est fabriqu\u00e9e dans des couleurs vives et<\/p>\n","protected":false},"featured_media":5077,"template":"","meta":[],"product_brand":[],"product_cat":[134,133],"product_tag":[],"class_list":{"0":"post-5073","1":"product","2":"type-product","3":"status-publish","4":"has-post-thumbnail","6":"product_cat-agrafeuse","7":"product_cat-fourniture-de-bureau","9":"first","10":"instock","11":"shipping-taxable","12":"purchasable","13":"product-type-simple"},"_links":{"self":[{"href":"https:\/\/adawaty.ma\/b2b\/wp-json\/wp\/v2\/product\/5073","targetHints":{"allow":["GET"]}}],"collection":[{"href":"https:\/\/adawaty.ma\/b2b\/wp-json\/wp\/v2\/product"}],"about":[{"href":"https:\/\/adawaty.ma\/b2b\/wp-json\/wp\/v2\/types\/product"}],"version-history":[{"count":2,"href":"https:\/\/adawaty.ma\/b2b\/wp-json\/wp\/v2\/product\/5073\/revisions"}],"predecessor-version":[{"id":5079,"href":"https:\/\/adawaty.ma\/b2b\/wp-json\/wp\/v2\/product\/5073\/revisions\/5079"}],"wp:featuredmedia":[{"embeddable":true,"href":"https:\/\/adawaty.ma\/b2b\/wp-json\/wp\/v2\/media\/5077"}],"wp:attachment":[{"href":"https:\/\/adawaty.ma\/b2b\/wp-json\/wp\/v2\/media?parent=5073"}],"wp:term":[{"taxonomy":"product_brand","embeddable":true,"href":"https:\/\/adawaty.ma\/b2b\/wp-json\/wp\/v2\/product_brand?post=5073"},{"taxonomy":"product_cat","embeddable":true,"href":"https:\/\/adawaty.ma\/b2b\/wp-json\/wp\/v2\/product_cat?post=5073"},{"taxonomy":"product_tag","embeddable":true,"href":"https:\/\/adawaty.ma\/b2b\/wp-json\/wp\/v2\/product_tag?post=5073"}],"curies":[{"name":"wp","href":"https:\/\/api.w.org\/{rel}","templated":true}]}}