{"id":5080,"date":"2024-11-19T15:53:29","date_gmt":"2024-11-19T15:53:29","guid":{"rendered":"https:\/\/adawaty.ma\/b2b\/?post_type=product&#038;p=5080"},"modified":"2024-11-19T15:53:29","modified_gmt":"2024-11-19T15:53:29","slug":"agrafeuse-n10-12-feuilles-rouge-4221-06-axent","status":"publish","type":"product","link":"https:\/\/adawaty.ma\/b2b\/produit\/agrafeuse-n10-12-feuilles-rouge-4221-06-axent\/","title":{"rendered":"Agrafeuse N\u00b010 12 Feuilles Rouge 4221-06 Axent"},"content":{"rendered":"<p><strong>Agrafeuse N\u00b010 12 Feuilles Rouge 4221-06 Axent :<\/strong><\/p>\n<p>L&#8217;agrafeuse Axent 4221-09-A de la s\u00e9rie Standard est con\u00e7ue dans des couleurs vives avec un design ergonomique pour une utilisation facile et confortable. Elle est id\u00e9ale pour l&#8217;assemblage manuel ou le classement de feuilles de papier au bureau.<\/p>\n<p>Fabriqu\u00e9e en plastique de haute qualit\u00e9 avec un m\u00e9canisme interne en m\u00e9tal, elle est dot\u00e9e d&#8217;une fen\u00eatre pour v\u00e9rifier la pr\u00e9sence des agrafes et d&#8217;un d\u00e9grafeur int\u00e9gr\u00e9, ce qui permet de gagner du temps pour retirer les agrafes. Elle utilise des agrafes n\u00b010\/5, avec une capacit\u00e9 de reliure jusqu&#8217;\u00e0 12 feuilles et une profondeur d&#8217;agrafage de 25 mm<\/p>\n<p>Couleur : Rouge<br \/>\nConditionnement : Carton<\/p>\n","protected":false},"excerpt":{"rendered":"<p>Agrafeuse N\u00b010 12 Feuilles Rouge 4221-06 Axent : L&#8217;agrafeuse Axent 4221-09-A de la s\u00e9rie Standard est con\u00e7ue dans des couleurs<\/p>\n","protected":false},"featured_media":5081,"template":"","meta":[],"product_brand":[],"product_cat":[134,133],"product_tag":[],"class_list":{"0":"post-5080","1":"product","2":"type-product","3":"status-publish","4":"has-post-thumbnail","6":"product_cat-agrafeuse","7":"product_cat-fourniture-de-bureau","9":"first","10":"instock","11":"shipping-taxable","12":"purchasable","13":"product-type-simple"},"_links":{"self":[{"href":"https:\/\/adawaty.ma\/b2b\/wp-json\/wp\/v2\/product\/5080","targetHints":{"allow":["GET"]}}],"collection":[{"href":"https:\/\/adawaty.ma\/b2b\/wp-json\/wp\/v2\/product"}],"about":[{"href":"https:\/\/adawaty.ma\/b2b\/wp-json\/wp\/v2\/types\/product"}],"version-history":[{"count":1,"href":"https:\/\/adawaty.ma\/b2b\/wp-json\/wp\/v2\/product\/5080\/revisions"}],"predecessor-version":[{"id":5083,"href":"https:\/\/adawaty.ma\/b2b\/wp-json\/wp\/v2\/product\/5080\/revisions\/5083"}],"wp:featuredmedia":[{"embeddable":true,"href":"https:\/\/adawaty.ma\/b2b\/wp-json\/wp\/v2\/media\/5081"}],"wp:attachment":[{"href":"https:\/\/adawaty.ma\/b2b\/wp-json\/wp\/v2\/media?parent=5080"}],"wp:term":[{"taxonomy":"product_brand","embeddable":true,"href":"https:\/\/adawaty.ma\/b2b\/wp-json\/wp\/v2\/product_brand?post=5080"},{"taxonomy":"product_cat","embeddable":true,"href":"https:\/\/adawaty.ma\/b2b\/wp-json\/wp\/v2\/product_cat?post=5080"},{"taxonomy":"product_tag","embeddable":true,"href":"https:\/\/adawaty.ma\/b2b\/wp-json\/wp\/v2\/product_tag?post=5080"}],"curies":[{"name":"wp","href":"https:\/\/api.w.org\/{rel}","templated":true}]}}