{"id":5136,"date":"2024-11-19T22:26:45","date_gmt":"2024-11-19T22:26:45","guid":{"rendered":"https:\/\/adawaty.ma\/b2b\/?post_type=product&#038;p=5136"},"modified":"2024-11-19T22:26:47","modified_gmt":"2024-11-19T22:26:47","slug":"atika-cahier-piqure-a4-96-pages-seyes-70g-rouge","status":"publish","type":"product","link":"https:\/\/adawaty.ma\/b2b\/produit\/atika-cahier-piqure-a4-96-pages-seyes-70g-rouge\/","title":{"rendered":"Atika Cahier Piqure A4+ 96 Pages Sey\u00e8s 70g &#8211; Rouge"},"content":{"rendered":"<p>Le cahier piqu\u00e9 Atika au format A4 avec ses 96 pages \u00e0 r\u00e9glure Sey\u00e8s est un choix id\u00e9al pour les \u00e9l\u00e8ves \u00e9tudiants et professionnels. Gr\u00e2ce \u00e0 sa couverture r\u00e9sistante et \u00e0 ses pages de haute qualit\u00e9 ce cahier est parfait pour la prise de notes les exercices ou les projets scolaires. La r\u00e9glure Sey\u00e8s facilite l&#8217;\u00e9criture soign\u00e9e et organis\u00e9e. Polyvalent et pratique il s&#8217;adapte \u00e0 tous vos besoins acad\u00e9miques et professionnels Dimension : 24&#215;32 cm<\/p>\n","protected":false},"excerpt":{"rendered":"<p>Le cahier piqu\u00e9 Atika au format A4 avec ses 96 pages \u00e0 r\u00e9glure Sey\u00e8s est un choix id\u00e9al pour les \u00e9l\u00e8ves \u00e9tudiants et professionnels. Gr\u00e2ce \u00e0 sa couverture r\u00e9sistante et \u00e0 ses pages de haute qualit\u00e9 ce cahier est parfait pour la prise de notes&#8230;<\/p>\n","protected":false},"featured_media":5137,"template":"","meta":[],"product_brand":[],"product_cat":[139],"product_tag":[],"class_list":{"0":"post-5136","1":"product","2":"type-product","3":"status-publish","4":"has-post-thumbnail","6":"product_cat-cahiers","8":"first","9":"instock","10":"shipping-taxable","11":"purchasable","12":"product-type-simple"},"_links":{"self":[{"href":"https:\/\/adawaty.ma\/b2b\/wp-json\/wp\/v2\/product\/5136","targetHints":{"allow":["GET"]}}],"collection":[{"href":"https:\/\/adawaty.ma\/b2b\/wp-json\/wp\/v2\/product"}],"about":[{"href":"https:\/\/adawaty.ma\/b2b\/wp-json\/wp\/v2\/types\/product"}],"version-history":[{"count":1,"href":"https:\/\/adawaty.ma\/b2b\/wp-json\/wp\/v2\/product\/5136\/revisions"}],"predecessor-version":[{"id":5138,"href":"https:\/\/adawaty.ma\/b2b\/wp-json\/wp\/v2\/product\/5136\/revisions\/5138"}],"wp:featuredmedia":[{"embeddable":true,"href":"https:\/\/adawaty.ma\/b2b\/wp-json\/wp\/v2\/media\/5137"}],"wp:attachment":[{"href":"https:\/\/adawaty.ma\/b2b\/wp-json\/wp\/v2\/media?parent=5136"}],"wp:term":[{"taxonomy":"product_brand","embeddable":true,"href":"https:\/\/adawaty.ma\/b2b\/wp-json\/wp\/v2\/product_brand?post=5136"},{"taxonomy":"product_cat","embeddable":true,"href":"https:\/\/adawaty.ma\/b2b\/wp-json\/wp\/v2\/product_cat?post=5136"},{"taxonomy":"product_tag","embeddable":true,"href":"https:\/\/adawaty.ma\/b2b\/wp-json\/wp\/v2\/product_tag?post=5136"}],"curies":[{"name":"wp","href":"https:\/\/api.w.org\/{rel}","templated":true}]}}