{"id":5321,"date":"2024-11-19T22:29:11","date_gmt":"2024-11-19T22:29:11","guid":{"rendered":"https:\/\/adawaty.ma\/b2b\/?post_type=product&#038;p=5321"},"modified":"2024-11-19T22:29:13","modified_gmt":"2024-11-19T22:29:13","slug":"erichkrause-colle-stick-15g","status":"publish","type":"product","link":"https:\/\/adawaty.ma\/b2b\/produit\/erichkrause-colle-stick-15g\/","title":{"rendered":"Erichkrause Colle Stick 15g"},"content":{"rendered":"<p>B\u00e2ton de colle avec une nouvelle formule extra forte \u00e0 base de PVP offrant un effet rapide et fiable. \u00c9conomique \u00e0 l&#8217;usage et facilement lavable \u00e0 l&#8217;eau il est non toxique sans solvants et r\u00e9sistant au gel. Parfait pour le papier le carton et le tissu.<\/p>\n","protected":false},"excerpt":{"rendered":"<p>B\u00e2ton de colle avec une nouvelle formule extra forte \u00e0 base de PVP offrant un effet rapide et fiable. \u00c9conomique \u00e0 l&#8217;usage et facilement lavable \u00e0 l&#8217;eau il est non toxique sans solvants et r\u00e9sistant au gel. Parfait pour le papier le carton et &#8230;<\/p>\n","protected":false},"featured_media":5322,"template":"","meta":[],"product_brand":[],"product_cat":[140],"product_tag":[],"class_list":{"0":"post-5321","1":"product","2":"type-product","3":"status-publish","4":"has-post-thumbnail","6":"product_cat-colles","8":"first","9":"instock","10":"shipping-taxable","11":"purchasable","12":"product-type-simple"},"_links":{"self":[{"href":"https:\/\/adawaty.ma\/b2b\/wp-json\/wp\/v2\/product\/5321","targetHints":{"allow":["GET"]}}],"collection":[{"href":"https:\/\/adawaty.ma\/b2b\/wp-json\/wp\/v2\/product"}],"about":[{"href":"https:\/\/adawaty.ma\/b2b\/wp-json\/wp\/v2\/types\/product"}],"version-history":[{"count":1,"href":"https:\/\/adawaty.ma\/b2b\/wp-json\/wp\/v2\/product\/5321\/revisions"}],"predecessor-version":[{"id":5323,"href":"https:\/\/adawaty.ma\/b2b\/wp-json\/wp\/v2\/product\/5321\/revisions\/5323"}],"wp:featuredmedia":[{"embeddable":true,"href":"https:\/\/adawaty.ma\/b2b\/wp-json\/wp\/v2\/media\/5322"}],"wp:attachment":[{"href":"https:\/\/adawaty.ma\/b2b\/wp-json\/wp\/v2\/media?parent=5321"}],"wp:term":[{"taxonomy":"product_brand","embeddable":true,"href":"https:\/\/adawaty.ma\/b2b\/wp-json\/wp\/v2\/product_brand?post=5321"},{"taxonomy":"product_cat","embeddable":true,"href":"https:\/\/adawaty.ma\/b2b\/wp-json\/wp\/v2\/product_cat?post=5321"},{"taxonomy":"product_tag","embeddable":true,"href":"https:\/\/adawaty.ma\/b2b\/wp-json\/wp\/v2\/product_tag?post=5321"}],"curies":[{"name":"wp","href":"https:\/\/api.w.org\/{rel}","templated":true}]}}