{"id":5420,"date":"2024-11-19T22:30:36","date_gmt":"2024-11-19T22:30:36","guid":{"rendered":"https:\/\/adawaty.ma\/b2b\/?post_type=product&#038;p=5420"},"modified":"2024-11-19T22:30:37","modified_gmt":"2024-11-19T22:30:37","slug":"ardoise-musicale-magnetique-de-dessin-18m-bleu","status":"publish","type":"product","link":"https:\/\/adawaty.ma\/b2b\/produit\/ardoise-musicale-magnetique-de-dessin-18m-bleu\/","title":{"rendered":"Ardoise Musicale Magn\u00e9tique de Dessin 18M+ &#8211; Bleu"},"content":{"rendered":"<p>Carat\u00e9ristiques du produit: Table de dessin magique : Contient une ardoise magique qui peut \u00eatre utilis\u00e9e \u00e0 plusieurs reprises il suffit de tirer doucement la glissi\u00e8re d&#8217;avant en arri\u00e8re pour effacer le contenu du dessin ce qui est pratique et rapide grande zone de dessin pour que les gar\u00e7ons et les filles aient suffisamment d&#8217;espace pour faire des graffitis. JOUETS D&#8217;ACTIVIT\u00c9 POUR ENFANTS &#8211; Les ardoises magiques avec tampons magn\u00e9tiques et stylo magn\u00e9tique pour enfants sont un jouet polyvalent et peuvent \u00eatre utilis\u00e9es pour dessiner \u00e9crire dessiner et peuvent \u00eatre jou\u00e9es de bien d&#8217;autres fa\u00e7ons selon la cr\u00e9ativit\u00e9 et l&#8217;imagination de vos enfants. JOUETS \u00c9DUCATIFS POUR ENFANTS &#8211; Ardoise magique permettant aux enfants de pratiquer l&#8217;\u00e9criture et le dessin. Cela peut \u00e9conomiser du papier et du crayon et am\u00e9liorer l&#8217;int\u00e9r\u00eat pour l&#8217;\u00e9criture et le dessin. Les enfants peuvent facilement effacer le dessin et l&#8217;\u00e9criture avec l&#8217;outil de traction et ne craignent pas que les stylos salissent les v\u00eatements de votre b\u00e9b\u00e9 FACILE \u00c0 DESSINER ET \u00c0 EFFACER &#8211; Ces ardoises pour enfants disposent d&#8217;un \u00e9cran sp\u00e9cial unique qui permet aux artistes de dessiner des images claires et nettes qui les rendent plus attrayantes. Ce tableau de griffonnage aidera les enfants \u00e0 donner de l&#8217;espace \u00e0 l&#8217;artiste qui s&#8217;y trouve. Les enfants peuvent facilement effacer et r\u00e9utiliser le tableau. Dimensions : 32 x 36 x 19 cm<\/p>\n","protected":false},"excerpt":{"rendered":"<p>Carat\u00e9ristiques du produit: Table de dessin magique : Contient une ardoise magique qui peut \u00eatre utilis\u00e9e \u00e0 plusieurs reprises il suffit de tirer doucement la glissi\u00e8re d&#8217;avant en arri\u00e8re pour effacer le contenu du dessin ce qui est pratique et&#8230;<\/p>\n","protected":false},"featured_media":5421,"template":"","meta":[],"product_brand":[],"product_cat":[155],"product_tag":[],"class_list":{"0":"post-5420","1":"product","2":"type-product","3":"status-publish","4":"has-post-thumbnail","6":"product_cat-ardoises-magnetiques","8":"first","9":"instock","10":"shipping-taxable","11":"purchasable","12":"product-type-simple"},"_links":{"self":[{"href":"https:\/\/adawaty.ma\/b2b\/wp-json\/wp\/v2\/product\/5420","targetHints":{"allow":["GET"]}}],"collection":[{"href":"https:\/\/adawaty.ma\/b2b\/wp-json\/wp\/v2\/product"}],"about":[{"href":"https:\/\/adawaty.ma\/b2b\/wp-json\/wp\/v2\/types\/product"}],"version-history":[{"count":1,"href":"https:\/\/adawaty.ma\/b2b\/wp-json\/wp\/v2\/product\/5420\/revisions"}],"predecessor-version":[{"id":5422,"href":"https:\/\/adawaty.ma\/b2b\/wp-json\/wp\/v2\/product\/5420\/revisions\/5422"}],"wp:featuredmedia":[{"embeddable":true,"href":"https:\/\/adawaty.ma\/b2b\/wp-json\/wp\/v2\/media\/5421"}],"wp:attachment":[{"href":"https:\/\/adawaty.ma\/b2b\/wp-json\/wp\/v2\/media?parent=5420"}],"wp:term":[{"taxonomy":"product_brand","embeddable":true,"href":"https:\/\/adawaty.ma\/b2b\/wp-json\/wp\/v2\/product_brand?post=5420"},{"taxonomy":"product_cat","embeddable":true,"href":"https:\/\/adawaty.ma\/b2b\/wp-json\/wp\/v2\/product_cat?post=5420"},{"taxonomy":"product_tag","embeddable":true,"href":"https:\/\/adawaty.ma\/b2b\/wp-json\/wp\/v2\/product_tag?post=5420"}],"curies":[{"name":"wp","href":"https:\/\/api.w.org\/{rel}","templated":true}]}}