{"id":5522,"date":"2024-11-19T22:31:56","date_gmt":"2024-11-19T22:31:56","guid":{"rendered":"https:\/\/adawaty.ma\/b2b\/?post_type=product&#038;p=5522"},"modified":"2024-11-19T22:31:58","modified_gmt":"2024-11-19T22:31:58","slug":"maped-gouaches-color-peps-bouteille-blanc-75ml","status":"publish","type":"product","link":"https:\/\/adawaty.ma\/b2b\/produit\/maped-gouaches-color-peps-bouteille-blanc-75ml\/","title":{"rendered":"Maped Gouaches Color&#8217; Peps bouteille blanc 75ml"},"content":{"rendered":"<p>Maped Color&#8217;Peps bouteille de peinture pr\u00eate \u00e0 l&#8217;emploi couvercle \u00e0 ouverture facile. Facile \u00e0 ouvrir Dessus rabattable Conception unique de bouteille de super-h\u00e9ros Ultra lavable en machine \u00e0 30 degr\u00e9s sans pr\u00e9lavage m\u00eame apr\u00e8s 24h de s\u00e9chage<\/p>\n","protected":false},"excerpt":{"rendered":"<p>Maped Color&#8217;Peps bouteille de peinture pr\u00eate \u00e0 l&#8217;emploi couvercle \u00e0 ouverture facile. Facile \u00e0 ouvrir Dessus rabattable Conception unique de bouteille de super-h\u00e9ros Ultra lavable en machine \u00e0 30 degr\u00e9s sans pr\u00e9lavage m\u00eame apr\u00e8s 24h de s\u00e9chage<\/p>\n","protected":false},"featured_media":5523,"template":"","meta":[],"product_brand":[],"product_cat":[152],"product_tag":[],"class_list":{"0":"post-5522","1":"product","2":"type-product","3":"status-publish","4":"has-post-thumbnail","6":"product_cat-gouaches","8":"first","9":"instock","10":"shipping-taxable","11":"purchasable","12":"product-type-simple"},"_links":{"self":[{"href":"https:\/\/adawaty.ma\/b2b\/wp-json\/wp\/v2\/product\/5522","targetHints":{"allow":["GET"]}}],"collection":[{"href":"https:\/\/adawaty.ma\/b2b\/wp-json\/wp\/v2\/product"}],"about":[{"href":"https:\/\/adawaty.ma\/b2b\/wp-json\/wp\/v2\/types\/product"}],"version-history":[{"count":1,"href":"https:\/\/adawaty.ma\/b2b\/wp-json\/wp\/v2\/product\/5522\/revisions"}],"predecessor-version":[{"id":5524,"href":"https:\/\/adawaty.ma\/b2b\/wp-json\/wp\/v2\/product\/5522\/revisions\/5524"}],"wp:featuredmedia":[{"embeddable":true,"href":"https:\/\/adawaty.ma\/b2b\/wp-json\/wp\/v2\/media\/5523"}],"wp:attachment":[{"href":"https:\/\/adawaty.ma\/b2b\/wp-json\/wp\/v2\/media?parent=5522"}],"wp:term":[{"taxonomy":"product_brand","embeddable":true,"href":"https:\/\/adawaty.ma\/b2b\/wp-json\/wp\/v2\/product_brand?post=5522"},{"taxonomy":"product_cat","embeddable":true,"href":"https:\/\/adawaty.ma\/b2b\/wp-json\/wp\/v2\/product_cat?post=5522"},{"taxonomy":"product_tag","embeddable":true,"href":"https:\/\/adawaty.ma\/b2b\/wp-json\/wp\/v2\/product_tag?post=5522"}],"curies":[{"name":"wp","href":"https:\/\/api.w.org\/{rel}","templated":true}]}}